{"id":83201,"date":"2020-08-05T09:59:04","date_gmt":"2020-08-05T07:59:04","guid":{"rendered":"http:\/\/localhost:8888\/BS%20Design%20Agentur\/?page_id=83201"},"modified":"2023-04-04T11:12:57","modified_gmt":"2023-04-04T09:12:57","slug":"leistungen","status":"publish","type":"page","link":"https:\/\/bertsche-spiegel.de\/index.php\/leistungen\/","title":{"rendered":"Leistungen"},"content":{"rendered":"<section class=\"wpb-content-wrapper\"><p>[vc_row row_height_percent=&#8220;0&#8243; override_padding=&#8220;yes&#8220; h_padding=&#8220;2&#8243; top_padding=&#8220;3&#8243; bottom_padding=&#8220;0&#8243; overlay_alpha=&#8220;50&#8243; gutter_size=&#8220;3&#8243; column_width_percent=&#8220;100&#8243; shift_y=&#8220;0&#8243; z_index=&#8220;0&#8243;][vc_column column_width_percent=&#8220;80&#8243; gutter_size=&#8220;0&#8243; overlay_alpha=&#8220;50&#8243; shift_x=&#8220;0&#8243; shift_y=&#8220;0&#8243; shift_y_down=&#8220;0&#8243; z_index=&#8220;0&#8243; medium_width=&#8220;0&#8243; mobile_width=&#8220;0&#8243; css_animation=&#8220;bottom-t-top&#8220; width=&#8220;1\/1&#8243; uncode_shortcode_id=&#8220;196241&#8243;][vc_custom_heading text_color=&#8220;color-jevc&#8220; heading_semantic=&#8220;h4&#8243; text_font=&#8220;font-202503&#8243; text_size=&#8220;h4&#8243; text_weight=&#8220;600&#8243; text_italic=&#8220;yes&#8220; sub_reduced=&#8220;yes&#8220; uncode_shortcode_id=&#8220;271131&#8243; text_color_type=&#8220;uncode-palette&#8220;]Unsere[\/vc_custom_heading][vc_custom_heading text_color=&#8220;color-rgdb&#8220; heading_semantic=&#8220;h1&#8243; text_font=&#8220;font-244496&#8243; text_size=&#8220;h1&#8243; text_weight=&#8220;600&#8243; text_transform=&#8220;uppercase&#8220; text_space=&#8220;fontspace-781688&#8243; medium_visibility=&#8220;yes&#8220; uncode_shortcode_id=&#8220;530450&#8243; text_color_type=&#8220;uncode-palette&#8220;]Leistungen[\/vc_custom_heading][vc_custom_heading text_color=&#8220;color-rgdb&#8220; heading_semantic=&#8220;h1&#8243; text_font=&#8220;font-244496&#8243; text_weight=&#8220;600&#8243; text_transform=&#8220;uppercase&#8220; text_space=&#8220;fontspace-781688&#8243; desktop_visibility=&#8220;yes&#8220; mobile_visibility=&#8220;yes&#8220; uncode_shortcode_id=&#8220;388906&#8243; text_color_type=&#8220;uncode-palette&#8220;]Leistungen[\/vc_custom_heading][\/vc_column][\/vc_row][vc_row row_height_percent=&#8220;0&#8243; override_padding=&#8220;yes&#8220; h_padding=&#8220;2&#8243; top_padding=&#8220;2&#8243; bottom_padding=&#8220;3&#8243; overlay_alpha=&#8220;50&#8243; gutter_size=&#8220;3&#8243; column_width_percent=&#8220;100&#8243; shift_y=&#8220;0&#8243; z_index=&#8220;0&#8243; uncode_shortcode_id=&#8220;108366&#8243;][vc_column column_width_percent=&#8220;80&#8243; gutter_size=&#8220;2&#8243; overlay_alpha=&#8220;50&#8243; shift_x=&#8220;0&#8243; shift_y=&#8220;0&#8243; shift_y_down=&#8220;0&#8243; z_index=&#8220;0&#8243; medium_width=&#8220;0&#8243; mobile_width=&#8220;0&#8243; css_animation=&#8220;bottom-t-top&#8220; animation_delay=&#8220;200&#8243; width=&#8220;1\/1&#8243; uncode_shortcode_id=&#8220;185814&#8243;][vc_empty_space empty_h=&#8220;2&#8243; mobile_visibility=&#8220;yes&#8220;][vc_column_text text_color=&#8220;color-jevc&#8220; uncode_shortcode_id=&#8220;120726&#8243; text_color_type=&#8220;uncode-palette&#8220;]Wir gestalten mit Engagement \u00fcberzeugende Markenauftritte und schaffen konsequentes und ansprechendes Design f\u00fcr alle Bereiche der Unternehmens-Kommunikation \u2013 von analog bis digital. Als Diplom-Kommunikations-Designer arbeiten wir mit Kreativit\u00e4t und Erfahrung an der f\u00fcr Sie passenden L\u00f6sung: Full-Service f\u00fcr Ihren Erfolg.[\/vc_column_text][vc_empty_space empty_h=&#8220;2&#8243; mobile_visibility=&#8220;yes&#8220;][\/vc_column][\/vc_row][vc_row row_height_percent=&#8220;0&#8243; override_padding=&#8220;yes&#8220; h_padding=&#8220;0&#8243; top_padding=&#8220;0&#8243; bottom_padding=&#8220;0&#8243; overlay_alpha=&#8220;50&#8243; gutter_size=&#8220;3&#8243; column_width_percent=&#8220;100&#8243; shift_y=&#8220;0&#8243; z_index=&#8220;0&#8243; uncode_shortcode_id=&#8220;195339&#8243;][vc_column column_width_percent=&#8220;100&#8243; gutter_size=&#8220;2&#8243; overlay_alpha=&#8220;50&#8243; shift_x=&#8220;0&#8243; shift_y=&#8220;0&#8243; shift_y_down=&#8220;0&#8243; z_index=&#8220;0&#8243; medium_width=&#8220;0&#8243; mobile_width=&#8220;0&#8243; css_animation=&#8220;bottom-t-top&#8220; width=&#8220;1\/1&#8243; uncode_shortcode_id=&#8220;282523&#8243;][vc_row_inner row_inner_height_percent=&#8220;0&#8243; overlay_alpha=&#8220;50&#8243; gutter_size=&#8220;3&#8243; shift_y=&#8220;0&#8243; z_index=&#8220;0&#8243; limit_content=&#8220;&#8220; uncode_shortcode_id=&#8220;123085&#8243;][vc_column_inner column_width_percent=&#8220;100&#8243; align_horizontal=&#8220;align_center&#8220; gutter_size=&#8220;1&#8243; overlay_alpha=&#8220;50&#8243; shift_x=&#8220;0&#8243; shift_y=&#8220;0&#8243; shift_y_down=&#8220;0&#8243; z_index=&#8220;0&#8243; medium_width=&#8220;0&#8243; mobile_width=&#8220;0&#8243; width=&#8220;1\/2&#8243; uncode_shortcode_id=&#8220;175559&#8243; css=&#8220;.vc_custom_1675682111626{border-right-width: 20px !important;border-left-width: 20px !important;}&#8220;][vc_gallery el_id=&#8220;gallery-181653-387-798&#8243; medias=&#8220;118571&#8243; gutter_size=&#8220;3&#8243; media_items=&#8220;media|custom_link|original,icon|xl,spacer|one,description&#8220; screen_lg=&#8220;1000&#8243; screen_md=&#8220;600&#8243; screen_sm=&#8220;480&#8243; single_width=&#8220;12&#8243; images_size=&#8220;three-two&#8220; single_overlay_opacity=&#8220;50&#8243; single_h_align=&#8220;center&#8220; single_padding=&#8220;2&#8243; single_title_dimension=&#8220;h4&#8243; single_title_weight=&#8220;100&#8243; single_text_lead=&#8220;yes&#8220; single_icon=&#8220;fa fa-plus2&#8243; uncode_shortcode_id=&#8220;587816&#8243; single_link=&#8220;url:https%3A%2F%2Fbertsche-spiegel.de%2Findex.php%2Fleistungen-corporate-design%2F|title:Leistungen%20Corporate%20Design&#8220;][vc_button button_color=&#8220;color-jevc&#8220; size=&#8220;btn-lg&#8220; radius=&#8220;btn-circle&#8220; outline=&#8220;yes&#8220; border_width=&#8220;0&#8243; display=&#8220;inline&#8220; top_margin=&#8220;yes&#8220; link=&#8220;url:https%3A%2F%2Fbertsche-spiegel.de%2Findex.php%2Fleistungen-corporate-design%2F|title:Projekt%C3%BCbersicht&#8220; button_color_type=&#8220;uncode-palette&#8220; uncode_shortcode_id=&#8220;208699&#8243;]Corporate Design[\/vc_button][\/vc_column_inner][vc_column_inner column_width_percent=&#8220;100&#8243; align_horizontal=&#8220;align_center&#8220; gutter_size=&#8220;1&#8243; overlay_alpha=&#8220;50&#8243; shift_x=&#8220;0&#8243; shift_y=&#8220;0&#8243; shift_y_down=&#8220;0&#8243; z_index=&#8220;0&#8243; medium_width=&#8220;0&#8243; mobile_width=&#8220;0&#8243; width=&#8220;1\/2&#8243; uncode_shortcode_id=&#8220;167744&#8243;][vc_gallery el_id=&#8220;gallery-181653-387-798-268&#8243; medias=&#8220;118173&#8243; gutter_size=&#8220;3&#8243; media_items=&#8220;media|custom_link|original,icon|xl,spacer|one,description&#8220; screen_lg=&#8220;1000&#8243; screen_md=&#8220;600&#8243; screen_sm=&#8220;480&#8243; single_width=&#8220;12&#8243; images_size=&#8220;three-two&#8220; single_overlay_opacity=&#8220;50&#8243; single_h_align=&#8220;center&#8220; single_padding=&#8220;2&#8243; single_title_dimension=&#8220;h4&#8243; single_title_weight=&#8220;100&#8243; single_text_lead=&#8220;yes&#8220; single_icon=&#8220;fa fa-plus2&#8243; uncode_shortcode_id=&#8220;124463&#8243; single_link=&#8220;url:https%3A%2F%2Fbertsche-spiegel.de%2Findex.php%2Fleistungen-corporate-print%2F|title:Leistungen%20Corporate%20Print&#8220;][vc_button button_color=&#8220;color-jevc&#8220; size=&#8220;btn-lg&#8220; radius=&#8220;btn-circle&#8220; outline=&#8220;yes&#8220; border_width=&#8220;0&#8243; display=&#8220;inline&#8220; top_margin=&#8220;yes&#8220; link=&#8220;url:https%3A%2F%2Fbertsche-spiegel.de%2Findex.php%2Fleistungen-corporate-print%2F|title:Projekt%C3%BCbersicht&#8220; button_color_type=&#8220;uncode-palette&#8220; uncode_shortcode_id=&#8220;200093&#8243;]Corporate Print[\/vc_button][\/vc_column_inner][\/vc_row_inner][\/vc_column][\/vc_row][vc_row row_height_percent=&#8220;0&#8243; override_padding=&#8220;yes&#8220; h_padding=&#8220;0&#8243; top_padding=&#8220;0&#8243; bottom_padding=&#8220;0&#8243; overlay_alpha=&#8220;50&#8243; gutter_size=&#8220;3&#8243; column_width_percent=&#8220;100&#8243; shift_y=&#8220;0&#8243; z_index=&#8220;0&#8243; uncode_shortcode_id=&#8220;162625&#8243;][vc_column column_width_percent=&#8220;100&#8243; gutter_size=&#8220;2&#8243; overlay_alpha=&#8220;50&#8243; shift_x=&#8220;0&#8243; shift_y=&#8220;0&#8243; shift_y_down=&#8220;0&#8243; z_index=&#8220;0&#8243; medium_width=&#8220;0&#8243; mobile_width=&#8220;0&#8243; css_animation=&#8220;bottom-t-top&#8220; width=&#8220;1\/1&#8243; uncode_shortcode_id=&#8220;469678&#8243;][vc_empty_space empty_h=&#8220;1&#8243;][vc_empty_space empty_h=&#8220;2&#8243; mobile_visibility=&#8220;yes&#8220;][vc_row_inner row_inner_height_percent=&#8220;0&#8243; overlay_alpha=&#8220;50&#8243; gutter_size=&#8220;3&#8243; shift_y=&#8220;0&#8243; z_index=&#8220;0&#8243; limit_content=&#8220;&#8220; uncode_shortcode_id=&#8220;141397&#8243;][vc_column_inner column_width_percent=&#8220;100&#8243; align_horizontal=&#8220;align_center&#8220; gutter_size=&#8220;1&#8243; overlay_alpha=&#8220;50&#8243; shift_x=&#8220;0&#8243; shift_y=&#8220;0&#8243; shift_y_down=&#8220;0&#8243; z_index=&#8220;0&#8243; medium_width=&#8220;0&#8243; mobile_width=&#8220;0&#8243; width=&#8220;1\/2&#8243; uncode_shortcode_id=&#8220;184832&#8243; css=&#8220;.vc_custom_1675682368442{border-right-width: 20px !important;border-left-width: 20px !important;}&#8220;][vc_gallery el_id=&#8220;gallery-181653-387-798-314&#8243; medias=&#8220;118360&#8243; gutter_size=&#8220;3&#8243; media_items=&#8220;media|custom_link|original,icon|xl,spacer|one,description&#8220; screen_lg=&#8220;1000&#8243; screen_md=&#8220;600&#8243; screen_sm=&#8220;480&#8243; single_width=&#8220;12&#8243; images_size=&#8220;three-two&#8220; single_overlay_opacity=&#8220;50&#8243; single_h_align=&#8220;center&#8220; single_padding=&#8220;2&#8243; single_title_dimension=&#8220;h4&#8243; single_title_weight=&#8220;100&#8243; single_text_lead=&#8220;yes&#8220; single_icon=&#8220;fa fa-plus2&#8243; uncode_shortcode_id=&#8220;129340&#8243; single_link=&#8220;url:https%3A%2F%2Fbertsche-spiegel.de%2Findex.php%2Fleistungen-web-social%2F|title:Leistungen%20Web%20%26%20Social&#8220;][vc_button button_color=&#8220;color-jevc&#8220; size=&#8220;btn-lg&#8220; radius=&#8220;btn-circle&#8220; outline=&#8220;yes&#8220; border_width=&#8220;0&#8243; display=&#8220;inline&#8220; top_margin=&#8220;yes&#8220; link=&#8220;url:https%3A%2F%2Fbertsche-spiegel.de%2Findex.php%2Fleistungen-web-social%2F|title:Projekt%C3%BCbersicht&#8220; button_color_type=&#8220;uncode-palette&#8220; uncode_shortcode_id=&#8220;725404&#8243;]Digital Media[\/vc_button][\/vc_column_inner][vc_column_inner column_width_percent=&#8220;100&#8243; align_horizontal=&#8220;align_center&#8220; gutter_size=&#8220;1&#8243; overlay_alpha=&#8220;50&#8243; shift_x=&#8220;0&#8243; shift_y=&#8220;0&#8243; shift_y_down=&#8220;0&#8243; z_index=&#8220;0&#8243; medium_width=&#8220;0&#8243; mobile_width=&#8220;0&#8243; width=&#8220;1\/2&#8243; uncode_shortcode_id=&#8220;198462&#8243;][vc_gallery el_id=&#8220;gallery-181653-387-798-268&#8243; medias=&#8220;118643&#8243; gutter_size=&#8220;3&#8243; media_items=&#8220;media|custom_link|original,icon|xl,spacer|one,description&#8220; screen_lg=&#8220;1000&#8243; screen_md=&#8220;600&#8243; screen_sm=&#8220;480&#8243; single_width=&#8220;12&#8243; images_size=&#8220;three-two&#8220; single_overlay_opacity=&#8220;50&#8243; single_h_align=&#8220;center&#8220; single_padding=&#8220;2&#8243; single_title_dimension=&#8220;h4&#8243; single_title_weight=&#8220;100&#8243; single_text_lead=&#8220;yes&#8220; single_icon=&#8220;fa fa-plus2&#8243; uncode_shortcode_id=&#8220;381500&#8243; single_link=&#8220;url:https%3A%2F%2Fbertsche-spiegel.de%2Findex.php%2Fleistungen-infografik%2F|title:Leistungen%20Infografik&#8220;][vc_button button_color=&#8220;color-jevc&#8220; size=&#8220;btn-lg&#8220; radius=&#8220;btn-circle&#8220; outline=&#8220;yes&#8220; border_width=&#8220;0&#8243; display=&#8220;inline&#8220; top_margin=&#8220;yes&#8220; link=&#8220;url:https%3A%2F%2Fbertsche-spiegel.de%2Findex.php%2Fleistungen-infografik%2F|title:Projekt%C3%BCbersicht&#8220; button_color_type=&#8220;uncode-palette&#8220; uncode_shortcode_id=&#8220;868960&#8243;]Infografik[\/vc_button][\/vc_column_inner][\/vc_row_inner][\/vc_column][\/vc_row][vc_row row_height_percent=&#8220;0&#8243; override_padding=&#8220;yes&#8220; h_padding=&#8220;0&#8243; top_padding=&#8220;0&#8243; bottom_padding=&#8220;0&#8243; overlay_alpha=&#8220;50&#8243; gutter_size=&#8220;3&#8243; column_width_percent=&#8220;100&#8243; shift_y=&#8220;0&#8243; z_index=&#8220;0&#8243; uncode_shortcode_id=&#8220;117273&#8243;][vc_column column_width_percent=&#8220;100&#8243; gutter_size=&#8220;2&#8243; overlay_alpha=&#8220;50&#8243; shift_x=&#8220;0&#8243; shift_y=&#8220;0&#8243; shift_y_down=&#8220;0&#8243; z_index=&#8220;0&#8243; medium_width=&#8220;0&#8243; mobile_width=&#8220;0&#8243; css_animation=&#8220;bottom-t-top&#8220; width=&#8220;1\/1&#8243; uncode_shortcode_id=&#8220;171566&#8243;][vc_empty_space empty_h=&#8220;1&#8243;][vc_empty_space empty_h=&#8220;2&#8243; mobile_visibility=&#8220;yes&#8220;][vc_row_inner row_inner_height_percent=&#8220;0&#8243; overlay_alpha=&#8220;50&#8243; gutter_size=&#8220;3&#8243; shift_y=&#8220;0&#8243; z_index=&#8220;0&#8243; limit_content=&#8220;&#8220; uncode_shortcode_id=&#8220;164819&#8243;][vc_column_inner column_width_percent=&#8220;100&#8243; align_horizontal=&#8220;align_center&#8220; gutter_size=&#8220;1&#8243; overlay_alpha=&#8220;50&#8243; shift_x=&#8220;0&#8243; shift_y=&#8220;0&#8243; shift_y_down=&#8220;0&#8243; z_index=&#8220;0&#8243; medium_width=&#8220;0&#8243; mobile_width=&#8220;0&#8243; width=&#8220;1\/2&#8243; uncode_shortcode_id=&#8220;131357&#8243;][vc_gallery el_id=&#8220;gallery-181653-387-798-314&#8243; medias=&#8220;84839&#8243; gutter_size=&#8220;3&#8243; media_items=&#8220;media|custom_link|original,icon|xl,spacer|one,description&#8220; screen_lg=&#8220;1000&#8243; screen_md=&#8220;600&#8243; screen_sm=&#8220;480&#8243; single_width=&#8220;12&#8243; images_size=&#8220;three-two&#8220; single_overlay_opacity=&#8220;50&#8243; single_h_align=&#8220;center&#8220; single_padding=&#8220;2&#8243; single_title_dimension=&#8220;h4&#8243; single_title_weight=&#8220;100&#8243; single_text_lead=&#8220;yes&#8220; single_icon=&#8220;fa fa-plus2&#8243; uncode_shortcode_id=&#8220;223796&#8243; single_link=&#8220;url:https%3A%2F%2Fbertsche-spiegel.de%2Findex.php%2Fleistungen-illustration%2F|title:Leistungen%20Illustration&#8220;][vc_button button_color=&#8220;color-jevc&#8220; size=&#8220;btn-lg&#8220; radius=&#8220;btn-circle&#8220; outline=&#8220;yes&#8220; border_width=&#8220;0&#8243; display=&#8220;inline&#8220; top_margin=&#8220;yes&#8220; link=&#8220;url:https%3A%2F%2Fbertsche-spiegel.de%2Findex.php%2Fleistungen-illustration%2F|title:Projekt%C3%BCbersicht&#8220; button_color_type=&#8220;uncode-palette&#8220; uncode_shortcode_id=&#8220;953727&#8243;]Illustration[\/vc_button][\/vc_column_inner][vc_column_inner column_width_percent=&#8220;100&#8243; align_horizontal=&#8220;align_center&#8220; gutter_size=&#8220;1&#8243; overlay_alpha=&#8220;50&#8243; shift_x=&#8220;0&#8243; shift_y=&#8220;0&#8243; shift_y_down=&#8220;0&#8243; z_index=&#8220;0&#8243; medium_width=&#8220;0&#8243; mobile_width=&#8220;0&#8243; width=&#8220;1\/2&#8243; uncode_shortcode_id=&#8220;110490&#8243;][vc_gallery el_id=&#8220;gallery-181653-387-712-443&#8243; medias=&#8220;85674&#8243; gutter_size=&#8220;3&#8243; media_items=&#8220;media|custom_link|original,icon|xl,spacer|one,description&#8220; screen_lg=&#8220;1000&#8243; screen_md=&#8220;600&#8243; screen_sm=&#8220;480&#8243; single_width=&#8220;12&#8243; images_size=&#8220;three-two&#8220; single_overlay_opacity=&#8220;50&#8243; single_h_align=&#8220;center&#8220; single_padding=&#8220;2&#8243; single_title_dimension=&#8220;h4&#8243; single_title_weight=&#8220;100&#8243; single_text_lead=&#8220;yes&#8220; single_icon=&#8220;fa fa-plus2&#8243; uncode_shortcode_id=&#8220;134606&#8243; single_link=&#8220;url:https%3A%2F%2Fbertsche-spiegel.de%2Findex.php%2Fleistungen-fotografie%2F|title:Leistungen%20Fotografie&#8220;][vc_button button_color=&#8220;color-jevc&#8220; size=&#8220;btn-lg&#8220; radius=&#8220;btn-circle&#8220; outline=&#8220;yes&#8220; border_width=&#8220;0&#8243; display=&#8220;inline&#8220; top_margin=&#8220;yes&#8220; link=&#8220;url:https%3A%2F%2Fbertsche-spiegel.de%2Findex.php%2Fleistungen-fotografie%2F|title:Projekt%C3%BCbersicht&#8220; button_color_type=&#8220;uncode-palette&#8220; uncode_shortcode_id=&#8220;113665&#8243;]Fotografie[\/vc_button][\/vc_column_inner][\/vc_row_inner][vc_empty_space empty_h=&#8220;2&#8243; mobile_visibility=&#8220;yes&#8220;][vc_empty_space empty_h=&#8220;3&#8243;][\/vc_column][\/vc_row][vc_row row_height_percent=&#8220;0&#8243; override_padding=&#8220;yes&#8220; h_padding=&#8220;2&#8243; top_padding=&#8220;2&#8243; bottom_padding=&#8220;0&#8243; back_color=&#8220;color-gyho&#8220; overlay_alpha=&#8220;50&#8243; gutter_size=&#8220;3&#8243; column_width_percent=&#8220;100&#8243; shift_y=&#8220;0&#8243; z_index=&#8220;0&#8243; uncode_shortcode_id=&#8220;803075&#8243; back_color_type=&#8220;uncode-palette&#8220;][vc_column column_width_percent=&#8220;100&#8243; gutter_size=&#8220;0&#8243; overlay_alpha=&#8220;50&#8243; shift_x=&#8220;0&#8243; shift_y=&#8220;0&#8243; shift_y_down=&#8220;0&#8243; z_index=&#8220;0&#8243; medium_width=&#8220;0&#8243; mobile_width=&#8220;0&#8243; width=&#8220;1\/1&#8243; uncode_shortcode_id=&#8220;109257&#8243;][vc_empty_space empty_h=&#8220;2&#8243; mobile_visibility=&#8220;yes&#8220;][vc_custom_heading text_font=&#8220;font-202503&#8243; text_size=&#8220;h4&#8243; text_italic=&#8220;yes&#8220; uncode_shortcode_id=&#8220;129392&#8243;]Leistungen[\/vc_custom_heading][vc_empty_space empty_h=&#8220;2&#8243; medium_visibility=&#8220;yes&#8220; mobile_visibility=&#8220;yes&#8220;][\/vc_column][\/vc_row][vc_row row_height_percent=&#8220;0&#8243; override_padding=&#8220;yes&#8220; h_padding=&#8220;2&#8243; top_padding=&#8220;2&#8243; bottom_padding=&#8220;2&#8243; back_color=&#8220;color-gyho&#8220; overlay_alpha=&#8220;50&#8243; gutter_size=&#8220;2&#8243; column_width_percent=&#8220;100&#8243; shift_y=&#8220;0&#8243; z_index=&#8220;0&#8243; uncode_shortcode_id=&#8220;179523&#8243; back_color_type=&#8220;uncode-palette&#8220;][vc_column column_width_percent=&#8220;100&#8243; gutter_size=&#8220;3&#8243; overlay_alpha=&#8220;50&#8243; shift_x=&#8220;0&#8243; shift_y=&#8220;0&#8243; shift_y_down=&#8220;0&#8243; z_index=&#8220;0&#8243; medium_width=&#8220;0&#8243; mobile_width=&#8220;0&#8243; width=&#8220;1\/3&#8243; uncode_shortcode_id=&#8220;130292&#8243;][vc_column_text text_lead=&#8220;small&#8220; text_color=&#8220;color-jevc&#8220; uncode_shortcode_id=&#8220;224165&#8243; text_color_type=&#8220;uncode-palette&#8220;]<strong>CONCEPT &amp; CONSULTING<br \/>\n<\/strong><\/p>\n<p>Analyse<br \/>\nWorkshops<br \/>\nBeratung<br \/>\nMarketingkonzept<br \/>\nIdeenfindung<br \/>\nNaming<br \/>\nKampagnen<br \/>\nText<\/p>\n<p><strong>CORPORATE DESIGN<br \/>\n<\/strong><\/p>\n<p>Wort-\/Bildmarke<br \/>\nGesch\u00e4ftsausstattung<br \/>\nBeschilderung und Signaletik<br \/>\nCorporate Print<br \/>\nCorporate Web &amp; Social[\/vc_column_text][\/vc_column][vc_column width=&#8220;1\/3&#8243;][vc_column_text text_lead=&#8220;small&#8220; text_color=&#8220;color-jevc&#8220; uncode_shortcode_id=&#8220;196870&#8243; text_color_type=&#8220;uncode-palette&#8220;]<strong>CORPORATE PRINT<\/strong><\/p>\n<p>Gesch\u00e4ftsberichte<br \/>\nBrosch\u00fcren<br \/>\nMailings<br \/>\nB\u00fccher<br \/>\nMitarbeiterzeitschriften<br \/>\nKundenzeitschriften<\/p>\n<p><strong>DIGITAL MEDIA<\/strong><\/p>\n<p>Social Media<br \/>\nOnline-Werbung<br \/>\nWebdesign\u2028Umsetzung in WordPress<br \/>\nMitarbeiterschulung[\/vc_column_text][\/vc_column][vc_column width=&#8220;1\/3&#8243;][vc_column_text text_lead=&#8220;small&#8220; text_color=&#8220;color-jevc&#8220; uncode_shortcode_id=&#8220;985014&#8243; text_color_type=&#8220;uncode-palette&#8220;]<strong>INFOGRAFIK<br \/>\n<\/strong><\/p>\n<p>Kartografie<br \/>\nLiniennetzpl\u00e4ne<br \/>\nLagepl\u00e4ne 2D und 3D<br \/>\nPiktogramme<br \/>\nDiagramme<\/p>\n<p><strong>ILLUSTRATION<\/strong><\/p>\n<p>Maskottchen<br \/>\nSignets<br \/>\nErkl\u00e4rfilme<\/p>\n<p><strong>FOTOGRAFIE<\/strong><\/p>\n<p>Werbliche Reportage<br \/>\nPeople<br \/>\nPortr\u00e4ts[\/vc_column_text][\/vc_column][\/vc_row][vc_row row_height_percent=&#8220;0&#8243; back_color=&#8220;color-gyho&#8220; overlay_alpha=&#8220;50&#8243; gutter_size=&#8220;3&#8243; column_width_percent=&#8220;100&#8243; shift_y=&#8220;0&#8243; z_index=&#8220;0&#8243; mobile_visibility=&#8220;yes&#8220; uncode_shortcode_id=&#8220;263461&#8243; back_color_type=&#8220;uncode-palette&#8220;][vc_column width=&#8220;1\/1&#8243;][vc_empty_space empty_h=&#8220;2&#8243;][\/vc_column][\/vc_row]<\/p>\n<\/section>","protected":false},"excerpt":{"rendered":"<p>People going crazy over the grid metro style.<\/p>\n","protected":false},"author":1,"featured_media":0,"parent":0,"menu_order":0,"comment_status":"open","ping_status":"closed","template":"","meta":[],"_links":{"self":[{"href":"https:\/\/bertsche-spiegel.de\/index.php\/wp-json\/wp\/v2\/pages\/83201"}],"collection":[{"href":"https:\/\/bertsche-spiegel.de\/index.php\/wp-json\/wp\/v2\/pages"}],"about":[{"href":"https:\/\/bertsche-spiegel.de\/index.php\/wp-json\/wp\/v2\/types\/page"}],"author":[{"embeddable":true,"href":"https:\/\/bertsche-spiegel.de\/index.php\/wp-json\/wp\/v2\/users\/1"}],"replies":[{"embeddable":true,"href":"https:\/\/bertsche-spiegel.de\/index.php\/wp-json\/wp\/v2\/comments?post=83201"}],"version-history":[{"count":166,"href":"https:\/\/bertsche-spiegel.de\/index.php\/wp-json\/wp\/v2\/pages\/83201\/revisions"}],"predecessor-version":[{"id":119102,"href":"https:\/\/bertsche-spiegel.de\/index.php\/wp-json\/wp\/v2\/pages\/83201\/revisions\/119102"}],"wp:attachment":[{"href":"https:\/\/bertsche-spiegel.de\/index.php\/wp-json\/wp\/v2\/media?parent=83201"}],"curies":[{"name":"wp","href":"https:\/\/api.w.org\/{rel}","templated":true}]}}